{"id":7,"date":"2026-01-06T16:12:33","date_gmt":"2026-01-06T16:12:33","guid":{"rendered":"https:\/\/ramonageviola.fr\/?page_id=7"},"modified":"2026-01-12T16:25:22","modified_gmt":"2026-01-12T16:25:22","slug":"accueil","status":"publish","type":"page","link":"https:\/\/ramonageviola.fr\/","title":{"rendered":"Accueil"},"content":{"rendered":"\t\t<div data-elementor-type=\"wp-page\" data-elementor-id=\"7\" class=\"elementor elementor-7\">\n\t\t\t\t<header class=\"elementor-element elementor-element-12578975 e-con-full e-flex e-con e-parent\" data-id=\"12578975\" data-element_type=\"container\">\n\t\t<div class=\"elementor-element elementor-element-6b30de84 e-con-full e-flex e-con e-child\" data-id=\"6b30de84\" data-element_type=\"container\">\n\t\t\t\t<div class=\"elementor-element elementor-element-10be828d elementor-widget elementor-widget-image\" data-id=\"10be828d\" data-element_type=\"widget\" data-widget_type=\"image.default\">\n\t\t\t\t\t\t\t\t\t\t\t\t\t\t\t<img fetchpriority=\"high\" decoding=\"async\" width=\"600\" height=\"600\" src=\"https:\/\/ramonageviola.fr\/wp-content\/uploads\/2026\/01\/house-3950679_1920-600x600-1.jpg\" class=\"attachment-full size-full wp-image-18\" alt=\"\" srcset=\"https:\/\/ramonageviola.fr\/wp-content\/uploads\/2026\/01\/house-3950679_1920-600x600-1.jpg 600w, https:\/\/ramonageviola.fr\/wp-content\/uploads\/2026\/01\/house-3950679_1920-600x600-1-300x300.jpg 300w, https:\/\/ramonageviola.fr\/wp-content\/uploads\/2026\/01\/house-3950679_1920-600x600-1-150x150.jpg 150w\" sizes=\"(max-width: 600px) 100vw, 600px\" \/>\t\t\t\t\t\t\t\t\t\t\t\t\t\t\t<\/div>\n\t\t\t\t<\/div>\n\t\t<div class=\"elementor-element elementor-element-462a1d14 e-con-full e-flex e-con e-child\" data-id=\"462a1d14\" data-element_type=\"container\">\n\t\t\t\t<div class=\"elementor-element elementor-element-8d8eefc elementor-widget elementor-widget-heading\" data-id=\"8d8eefc\" data-element_type=\"widget\" data-widget_type=\"heading.default\">\n\t\t\t\t\t<h1 class=\"elementor-heading-title elementor-size-default\">Votre Expert en Ramonage et Fumisterie pour votre maison<\/h1>\t\t\t\t<\/div>\n\t\t\t\t<\/div>\n\t\t\t\t<\/header>\n\t\t<div class=\"elementor-element elementor-element-e486b12 e-flex e-con-boxed e-con e-parent\" data-id=\"e486b12\" data-element_type=\"container\">\n\t\t\t\t\t<div class=\"e-con-inner\">\n\t\t\t\t<div class=\"elementor-element elementor-element-29f39e1 elementor-widget elementor-widget-heading\" data-id=\"29f39e1\" data-element_type=\"widget\" data-widget_type=\"heading.default\">\n\t\t\t\t\t<h1 class=\"elementor-heading-title elementor-size-default\">Votre chemin\u00e9e m\u00e9rite un entretien d'expert<\/h1>\t\t\t\t<\/div>\n\t\t\t\t<div class=\"elementor-element elementor-element-774df37 elementor-widget elementor-widget-text-editor\" data-id=\"774df37\" data-element_type=\"widget\" data-widget_type=\"text-editor.default\">\n\t\t\t\t\t\t\t\t\t<p>Nous veillons \u00e0 votre confort et votre s\u00e9curit\u00e9<\/p><p>Que vous utilisiez une chemin\u00e9e ou un po\u00eale \u00e0 granul\u00e9s, il est essentiel de faire nettoyer vos conduits apr\u00e8s chaque hiver.<\/p><p>Pour votre s\u00e9curit\u00e9, un contr\u00f4le annuel de vos installations est indispensable et obligatoire pour votre assurance habitation.<\/p>\t\t\t\t\t\t\t\t<\/div>\n\t\t\t\t\t<\/div>\n\t\t\t\t<\/div>\n\t\t<div class=\"elementor-element elementor-element-42fba164 e-con-full e-flex e-con e-parent\" data-id=\"42fba164\" data-element_type=\"container\" data-settings=\"{&quot;background_background&quot;:&quot;classic&quot;}\">\n\t\t<div class=\"elementor-element elementor-element-7030ec0f e-con-full e-flex e-con e-child\" data-id=\"7030ec0f\" data-element_type=\"container\">\n\t\t\t\t<div class=\"elementor-element elementor-element-5d77fca elementor-widget__width-initial elementor-widget elementor-widget-text-editor\" data-id=\"5d77fca\" data-element_type=\"widget\" data-widget_type=\"text-editor.default\">\n\t\t\t\t\t\t\t\t\t<p>Chez Ramonage viola, nous mettons \u00e0 votre service notre expertise pour l\u2019entretien et le ramonage de vos installations de chauffage. Nous vous offrons des solutions professionnelles en fumisterie, ainsi que des conseils personnalis\u00e9s sur l\u2019\u00e9quipement adapt\u00e9 \u00e0 vos besoins. Notre \u00e9quipe qualifi\u00e9e assure des prestations de haute qualit\u00e9 pour garantir votre confort et votre s\u00e9curit\u00e9 tout au long de l\u2019ann\u00e9e.<\/p>\t\t\t\t\t\t\t\t<\/div>\n\t\t\t\t<\/div>\n\t\t<div class=\"elementor-element elementor-element-6552b873 e-con-full e-flex e-con e-child\" data-id=\"6552b873\" data-element_type=\"container\">\n\t\t\t\t<div class=\"elementor-element elementor-element-641d54b4 elementor-widget elementor-widget-image\" data-id=\"641d54b4\" data-element_type=\"widget\" data-widget_type=\"image.default\">\n\t\t\t\t\t\t\t\t\t\t\t\t\t\t\t<img decoding=\"async\" width=\"512\" height=\"341\" src=\"https:\/\/ramonageviola.fr\/wp-content\/uploads\/2026\/01\/CONTACT-512.jpg\" class=\"attachment-large size-large wp-image-26\" alt=\"\" srcset=\"https:\/\/ramonageviola.fr\/wp-content\/uploads\/2026\/01\/CONTACT-512.jpg 512w, https:\/\/ramonageviola.fr\/wp-content\/uploads\/2026\/01\/CONTACT-512-300x200.jpg 300w\" sizes=\"(max-width: 512px) 100vw, 512px\" \/>\t\t\t\t\t\t\t\t\t\t\t\t\t\t\t<\/div>\n\t\t\t\t<\/div>\n\t\t\t\t<\/div>\n\t\t<div class=\"elementor-element elementor-element-cdfd3ab e-con-full e-flex e-con e-parent\" data-id=\"cdfd3ab\" data-element_type=\"container\" id=\"next\">\n\t\t\t\t<div class=\"elementor-element elementor-element-16e8cc00 elementor-widget elementor-widget-heading\" data-id=\"16e8cc00\" data-element_type=\"widget\" data-widget_type=\"heading.default\">\n\t\t\t\t\t<h3 class=\"elementor-heading-title elementor-size-default\">Nos Services<\/h3>\t\t\t\t<\/div>\n\t\t\t\t<div class=\"elementor-element elementor-element-5f1943d3 elementor-widget elementor-widget-heading\" data-id=\"5f1943d3\" data-element_type=\"widget\" data-widget_type=\"heading.default\">\n\t\t\t\t\t<p class=\"elementor-heading-title elementor-size-default\">Nous r\u00e9alisons les entretiens de vos \u00e9quipements de chauffages<\/p>\t\t\t\t<\/div>\n\t\t<div class=\"elementor-element elementor-element-476aab8f e-con-full e-flex e-con e-child\" data-id=\"476aab8f\" data-element_type=\"container\">\n\t\t<div class=\"elementor-element elementor-element-642f168d e-con-full e-flex e-con e-child\" data-id=\"642f168d\" data-element_type=\"container\">\n\t\t\t\t<div class=\"elementor-element elementor-element-54ed330c elementor-position-top elementor-widget elementor-widget-image-box\" data-id=\"54ed330c\" data-element_type=\"widget\" data-widget_type=\"image-box.default\">\n\t\t\t\t\t<div class=\"elementor-image-box-wrapper\"><figure class=\"elementor-image-box-img\"><a href=\"#\" tabindex=\"-1\"><img decoding=\"async\" width=\"1472\" height=\"832\" src=\"https:\/\/ramonageviola.fr\/wp-content\/uploads\/2026\/01\/photo-toit-de-maison-en-hivers-avec-1-cheminee-qui-emet-de-la-fumee-blanche-.jpg\" class=\"elementor-animation-grow attachment-full size-full wp-image-28\" alt=\"\" srcset=\"https:\/\/ramonageviola.fr\/wp-content\/uploads\/2026\/01\/photo-toit-de-maison-en-hivers-avec-1-cheminee-qui-emet-de-la-fumee-blanche-.jpg 1472w, https:\/\/ramonageviola.fr\/wp-content\/uploads\/2026\/01\/photo-toit-de-maison-en-hivers-avec-1-cheminee-qui-emet-de-la-fumee-blanche--300x170.jpg 300w, https:\/\/ramonageviola.fr\/wp-content\/uploads\/2026\/01\/photo-toit-de-maison-en-hivers-avec-1-cheminee-qui-emet-de-la-fumee-blanche--1024x579.jpg 1024w, https:\/\/ramonageviola.fr\/wp-content\/uploads\/2026\/01\/photo-toit-de-maison-en-hivers-avec-1-cheminee-qui-emet-de-la-fumee-blanche--768x434.jpg 768w\" sizes=\"(max-width: 1472px) 100vw, 1472px\" \/><\/a><\/figure><div class=\"elementor-image-box-content\"><h4 class=\"elementor-image-box-title\"><a href=\"#\">Ramonage<\/a><\/h4><p class=\"elementor-image-box-description\">Un conduit propre, un foyer s\u00fbr ! Ramonage professionnel et certifi\u00e9 pour votre s\u00e9curit\u00e9.<\/p><\/div><\/div>\t\t\t\t<\/div>\n\t\t\t\t<\/div>\n\t\t<div class=\"elementor-element elementor-element-5b0220aa e-con-full e-flex e-con e-child\" data-id=\"5b0220aa\" data-element_type=\"container\">\n\t\t\t\t<div class=\"elementor-element elementor-element-3c8468df elementor-position-top elementor-widget elementor-widget-image-box\" data-id=\"3c8468df\" data-element_type=\"widget\" data-widget_type=\"image-box.default\">\n\t\t\t\t\t<div class=\"elementor-image-box-wrapper\"><figure class=\"elementor-image-box-img\"><a href=\"#\" tabindex=\"-1\"><img loading=\"lazy\" decoding=\"async\" width=\"300\" height=\"200\" src=\"https:\/\/ramonageviola.fr\/wp-content\/uploads\/2026\/01\/fumesterie512-300x200-1.jpg\" class=\"elementor-animation-grow attachment-full size-full wp-image-29\" alt=\"\" \/><\/a><\/figure><div class=\"elementor-image-box-content\"><h4 class=\"elementor-image-box-title\"><a href=\"#\">Fumisterie<\/a><\/h4><p class=\"elementor-image-box-description\">Installation et r\u00e9novation de conduits de fum\u00e9e conformes aux normes en vigueur.<\/p><\/div><\/div>\t\t\t\t<\/div>\n\t\t\t\t<\/div>\n\t\t<div class=\"elementor-element elementor-element-16664581 e-con-full e-flex e-con e-child\" data-id=\"16664581\" data-element_type=\"container\">\n\t\t\t\t<div class=\"elementor-element elementor-element-72ba3b3f elementor-position-top elementor-widget elementor-widget-image-box\" data-id=\"72ba3b3f\" data-element_type=\"widget\" data-widget_type=\"image-box.default\">\n\t\t\t\t\t<div class=\"elementor-image-box-wrapper\"><figure class=\"elementor-image-box-img\"><a href=\"#\" tabindex=\"-1\"><img loading=\"lazy\" decoding=\"async\" width=\"512\" height=\"341\" src=\"https:\/\/ramonageviola.fr\/wp-content\/uploads\/2026\/01\/AGENDA512.jpg\" class=\"elementor-animation-grow attachment-full size-full wp-image-35\" alt=\"\" srcset=\"https:\/\/ramonageviola.fr\/wp-content\/uploads\/2026\/01\/AGENDA512.jpg 512w, https:\/\/ramonageviola.fr\/wp-content\/uploads\/2026\/01\/AGENDA512-300x200.jpg 300w\" sizes=\"(max-width: 512px) 100vw, 512px\" \/><\/a><\/figure><div class=\"elementor-image-box-content\"><h4 class=\"elementor-image-box-title\"><a href=\"#\">Prendre Rendez-vous<\/a><\/h4><p class=\"elementor-image-box-description\">Appelez nous directement afin de prendre un rendez-vous par notre professionnel.\nun num\u00e9ro : 06.66.26.47.30<\/p><\/div><\/div>\t\t\t\t<\/div>\n\t\t\t\t<\/div>\n\t\t\t\t<\/div>\n\t\t\t\t<\/div>\n\t\t<div class=\"elementor-element elementor-element-2a73368b e-flex e-con-boxed e-con e-parent\" data-id=\"2a73368b\" data-element_type=\"container\">\n\t\t\t\t\t<div class=\"e-con-inner\">\n\t\t\t\t<div class=\"elementor-element elementor-element-33cf20ec elementor-widget elementor-widget-heading\" data-id=\"33cf20ec\" data-element_type=\"widget\" data-widget_type=\"heading.default\">\n\t\t\t\t\t<h3 class=\"elementor-heading-title elementor-size-default\">Pourquoi nous choisir<\/h3>\t\t\t\t<\/div>\n\t\t\t\t<div class=\"elementor-element elementor-element-c933093 elementor-widget elementor-widget-heading\" data-id=\"c933093\" data-element_type=\"widget\" data-widget_type=\"heading.default\">\n\t\t\t\t\t<h3 class=\"elementor-heading-title elementor-size-default\">-Expertise et exp\u00e9rience :<\/h3>\t\t\t\t<\/div>\n\t\t\t\t<div class=\"elementor-element elementor-element-44e34beb elementor-widget elementor-widget-text-editor\" data-id=\"44e34beb\" data-element_type=\"widget\" data-widget_type=\"text-editor.default\">\n\t\t\t\t\t\t\t\t\t<p>Plus de 10 ans d\u2019exp\u00e9rience dans le domaine du ramonage, de la fumisterie et de l\u2019entretien des syst\u00e8mes de chauffage.<\/p>\t\t\t\t\t\t\t\t<\/div>\n\t\t\t\t<div class=\"elementor-element elementor-element-b383320 elementor-widget elementor-widget-heading\" data-id=\"b383320\" data-element_type=\"widget\" data-widget_type=\"heading.default\">\n\t\t\t\t\t<h3 class=\"elementor-heading-title elementor-size-default\">-Service rapide et fiable :<\/h3>\t\t\t\t<\/div>\n\t\t\t\t<div class=\"elementor-element elementor-element-6b2c24a elementor-widget elementor-widget-text-editor\" data-id=\"6b2c24a\" data-element_type=\"widget\" data-widget_type=\"text-editor.default\">\n\t\t\t\t\t\t\t\t\t<p>Nous intervenons rapidement sur toute le secteur Chalonnais et Beaunois pour r\u00e9pondre \u00e0 vos besoins.<\/p>\t\t\t\t\t\t\t\t<\/div>\n\t\t\t\t<div class=\"elementor-element elementor-element-f096abd elementor-widget elementor-widget-heading\" data-id=\"f096abd\" data-element_type=\"widget\" data-widget_type=\"heading.default\">\n\t\t\t\t\t<h3 class=\"elementor-heading-title elementor-size-default\">-Certifications et qualifications :<\/h3>\t\t\t\t<\/div>\n\t\t\t\t<div class=\"elementor-element elementor-element-e52da40 elementor-widget elementor-widget-text-editor\" data-id=\"e52da40\" data-element_type=\"widget\" data-widget_type=\"text-editor.default\">\n\t\t\t\t\t\t\t\t\t<p>Nos techniciens sont form\u00e9s et certifi\u00e9s pour garantir un travail conforme aux normes.<\/p>\t\t\t\t\t\t\t\t<\/div>\n\t\t\t\t<div class=\"elementor-element elementor-element-c5476b9 elementor-widget elementor-widget-heading\" data-id=\"c5476b9\" data-element_type=\"widget\" data-widget_type=\"heading.default\">\n\t\t\t\t\t<h3 class=\"elementor-heading-title elementor-size-default\">-Satisfaction client :<\/h3>\t\t\t\t<\/div>\n\t\t\t\t<div class=\"elementor-element elementor-element-7d1c164 elementor-widget elementor-widget-text-editor\" data-id=\"7d1c164\" data-element_type=\"widget\" data-widget_type=\"text-editor.default\">\n\t\t\t\t\t\t\t\t\t<p>La s\u00e9curit\u00e9 et la satisfaction de nos clients sont au c\u0153ur de notre d\u00e9marche.<\/p>\t\t\t\t\t\t\t\t<\/div>\n\t\t\t\t\t<\/div>\n\t\t\t\t<\/div>\n\t\t<footer class=\"elementor-element elementor-element-5f350558 e-con-full e-flex e-con e-parent\" data-id=\"5f350558\" data-element_type=\"container\">\n\t\t<div class=\"elementor-element elementor-element-4ff7cb22 e-con-full e-flex e-con e-child\" data-id=\"4ff7cb22\" data-element_type=\"container\">\n\t\t\t\t<div class=\"elementor-element elementor-element-19a86cd8 elementor-widget elementor-widget-image\" data-id=\"19a86cd8\" data-element_type=\"widget\" data-widget_type=\"image.default\">\n\t\t\t\t\t\t\t\t\t\t\t\t\t\t\t<img loading=\"lazy\" decoding=\"async\" width=\"512\" height=\"512\" src=\"https:\/\/ramonageviola.fr\/wp-content\/uploads\/2026\/01\/logo512-couleur.jpg\" class=\"attachment-full size-full wp-image-36\" alt=\"\" srcset=\"https:\/\/ramonageviola.fr\/wp-content\/uploads\/2026\/01\/logo512-couleur.jpg 512w, https:\/\/ramonageviola.fr\/wp-content\/uploads\/2026\/01\/logo512-couleur-300x300.jpg 300w, https:\/\/ramonageviola.fr\/wp-content\/uploads\/2026\/01\/logo512-couleur-150x150.jpg 150w\" sizes=\"(max-width: 512px) 100vw, 512px\" \/>\t\t\t\t\t\t\t\t\t\t\t\t\t\t\t<\/div>\n\t\t\t\t<\/div>\n\t\t<div class=\"elementor-element elementor-element-53166eb6 e-con-full e-flex e-con e-child\" data-id=\"53166eb6\" data-element_type=\"container\">\n\t\t\t\t<div class=\"elementor-element elementor-element-4a3045cb elementor-icon-list--layout-inline elementor-tablet-align-center elementor-align-center elementor-list-item-link-full_width elementor-widget elementor-widget-icon-list\" data-id=\"4a3045cb\" data-element_type=\"widget\" data-widget_type=\"icon-list.default\">\n\t\t\t\t\t\t\t<ul class=\"elementor-icon-list-items elementor-inline-items\">\n\t\t\t\t\t\t\t<li class=\"elementor-icon-list-item elementor-inline-item\">\n\t\t\t\t\t\t\t\t\t\t\t<span class=\"elementor-icon-list-icon\">\n\t\t\t\t\t\t\t<svg aria-hidden=\"true\" class=\"e-font-icon-svg e-fas-phone-alt\" viewBox=\"0 0 512 512\" xmlns=\"http:\/\/www.w3.org\/2000\/svg\"><path d=\"M497.39 361.8l-112-48a24 24 0 0 0-28 6.9l-49.6 60.6A370.66 370.66 0 0 1 130.6 204.11l60.6-49.6a23.94 23.94 0 0 0 6.9-28l-48-112A24.16 24.16 0 0 0 122.6.61l-104 24A24 24 0 0 0 0 48c0 256.5 207.9 464 464 464a24 24 0 0 0 23.4-18.6l24-104a24.29 24.29 0 0 0-14.01-27.6z\"><\/path><\/svg>\t\t\t\t\t\t<\/span>\n\t\t\t\t\t\t\t\t\t\t<span class=\"elementor-icon-list-text\">06.66.26.47.30 \/ 03.85.49.21.27<\/span>\n\t\t\t\t\t\t\t\t\t<\/li>\n\t\t\t\t\t\t\t\t<li class=\"elementor-icon-list-item elementor-inline-item\">\n\t\t\t\t\t\t\t\t\t\t<span class=\"elementor-icon-list-text\">12 RUE DES CHAMPS FLEURIS, 71640 GIVRY<\/span>\n\t\t\t\t\t\t\t\t\t<\/li>\n\t\t\t\t\t\t\t\t<li class=\"elementor-icon-list-item elementor-inline-item\">\n\t\t\t\t\t\t\t\t\t\t<span class=\"elementor-icon-list-text\">Intervention en semaine sur rendez-vous<\/span>\n\t\t\t\t\t\t\t\t\t<\/li>\n\t\t\t\t\t\t<\/ul>\n\t\t\t\t\t\t<\/div>\n\t\t\t\t<\/div>\n\t\t<div class=\"elementor-element elementor-element-764bcf38 e-con-full e-flex e-con e-child\" data-id=\"764bcf38\" data-element_type=\"container\">\n\t\t\t\t<div class=\"elementor-element elementor-element-4222dcae e-grid-align-right e-grid-align-tablet-right e-grid-align-mobile-center elementor-widget-mobile__width-inherit elementor-shape-rounded elementor-grid-0 elementor-widget elementor-widget-social-icons\" data-id=\"4222dcae\" data-element_type=\"widget\" data-widget_type=\"social-icons.default\">\n\t\t\t\t\t\t\t<div class=\"elementor-social-icons-wrapper elementor-grid\" role=\"list\">\n\t\t\t\t\t\t\t<span class=\"elementor-grid-item\" role=\"listitem\">\n\t\t\t\t\t<a class=\"elementor-icon elementor-social-icon elementor-social-icon-facebook-f elementor-repeater-item-3f1b7ac\" target=\"_blank\">\n\t\t\t\t\t\t<span class=\"elementor-screen-only\">Facebook-f<\/span>\n\t\t\t\t\t\t<svg aria-hidden=\"true\" class=\"e-font-icon-svg e-fab-facebook-f\" viewBox=\"0 0 320 512\" xmlns=\"http:\/\/www.w3.org\/2000\/svg\"><path d=\"M279.14 288l14.22-92.66h-88.91v-60.13c0-25.35 12.42-50.06 52.24-50.06h40.42V6.26S260.43 0 225.36 0c-73.22 0-121.08 44.38-121.08 124.72v70.62H22.89V288h81.39v224h100.17V288z\"><\/path><\/svg>\t\t\t\t\t<\/a>\n\t\t\t\t<\/span>\n\t\t\t\t\t\t\t<span class=\"elementor-grid-item\" role=\"listitem\">\n\t\t\t\t\t<a class=\"elementor-icon elementor-social-icon elementor-social-icon- elementor-repeater-item-5c0ce3c\" target=\"_blank\">\n\t\t\t\t\t\t<span class=\"elementor-screen-only\"><\/span>\n\t\t\t\t\t\t\t\t\t\t\t<\/a>\n\t\t\t\t<\/span>\n\t\t\t\t\t\t\t<span class=\"elementor-grid-item\" role=\"listitem\">\n\t\t\t\t\t<a class=\"elementor-icon elementor-social-icon elementor-social-icon-twitter elementor-repeater-item-828f132\" target=\"_blank\">\n\t\t\t\t\t\t<span class=\"elementor-screen-only\">Twitter<\/span>\n\t\t\t\t\t\t<svg aria-hidden=\"true\" class=\"e-font-icon-svg e-fab-twitter\" viewBox=\"0 0 512 512\" xmlns=\"http:\/\/www.w3.org\/2000\/svg\"><path d=\"M459.37 151.716c.325 4.548.325 9.097.325 13.645 0 138.72-105.583 298.558-298.558 298.558-59.452 0-114.68-17.219-161.137-47.106 8.447.974 16.568 1.299 25.34 1.299 49.055 0 94.213-16.568 130.274-44.832-46.132-.975-84.792-31.188-98.112-72.772 6.498.974 12.995 1.624 19.818 1.624 9.421 0 18.843-1.3 27.614-3.573-48.081-9.747-84.143-51.98-84.143-102.985v-1.299c13.969 7.797 30.214 12.67 47.431 13.319-28.264-18.843-46.781-51.005-46.781-87.391 0-19.492 5.197-37.36 14.294-52.954 51.655 63.675 129.3 105.258 216.365 109.807-1.624-7.797-2.599-15.918-2.599-24.04 0-57.828 46.782-104.934 104.934-104.934 30.213 0 57.502 12.67 76.67 33.137 23.715-4.548 46.456-13.32 66.599-25.34-7.798 24.366-24.366 44.833-46.132 57.827 21.117-2.273 41.584-8.122 60.426-16.243-14.292 20.791-32.161 39.308-52.628 54.253z\"><\/path><\/svg>\t\t\t\t\t<\/a>\n\t\t\t\t<\/span>\n\t\t\t\t\t<\/div>\n\t\t\t\t\t\t<\/div>\n\t\t\t\t<\/div>\n\t\t\t\t<\/footer>\n\t\t<div class=\"elementor-element elementor-element-6d5c006d e-con-full e-flex e-con e-parent\" data-id=\"6d5c006d\" data-element_type=\"container\" data-settings=\"{&quot;background_background&quot;:&quot;classic&quot;}\">\n\t\t\t\t<div class=\"elementor-element elementor-element-2fca11a2 elementor-widget elementor-widget-heading\" data-id=\"2fca11a2\" data-element_type=\"widget\" data-widget_type=\"heading.default\">\n\t\t\t\t\t<p class=\"elementor-heading-title elementor-size-default\">\u00a9 tous droits r\u00e9serv\u00e9s.<\/p>\t\t\t\t<\/div>\n\t\t\t\t<\/div>\n\t\t\t\t<\/div>\n\t\t","protected":false},"excerpt":{"rendered":"<p>Votre Expert en Ramonage et Fumisterie pour votre maison Votre chemin\u00e9e m\u00e9rite un entretien d&rsquo;expert Nous veillons \u00e0 votre confort et votre s\u00e9curit\u00e9 Que vous utilisiez une chemin\u00e9e ou un po\u00eale \u00e0 granul\u00e9s, il est essentiel de faire nettoyer vos conduits apr\u00e8s chaque hiver. Pour votre s\u00e9curit\u00e9, un contr\u00f4le annuel de vos installations est indispensable [&hellip;]<\/p>\n","protected":false},"author":1,"featured_media":0,"parent":0,"menu_order":0,"comment_status":"closed","ping_status":"closed","template":"","meta":{"footnotes":""},"class_list":["post-7","page","type-page","status-publish","hentry","entry"],"_links":{"self":[{"href":"https:\/\/ramonageviola.fr\/index.php\/wp-json\/wp\/v2\/pages\/7","targetHints":{"allow":["GET"]}}],"collection":[{"href":"https:\/\/ramonageviola.fr\/index.php\/wp-json\/wp\/v2\/pages"}],"about":[{"href":"https:\/\/ramonageviola.fr\/index.php\/wp-json\/wp\/v2\/types\/page"}],"author":[{"embeddable":true,"href":"https:\/\/ramonageviola.fr\/index.php\/wp-json\/wp\/v2\/users\/1"}],"replies":[{"embeddable":true,"href":"https:\/\/ramonageviola.fr\/index.php\/wp-json\/wp\/v2\/comments?post=7"}],"version-history":[{"count":16,"href":"https:\/\/ramonageviola.fr\/index.php\/wp-json\/wp\/v2\/pages\/7\/revisions"}],"predecessor-version":[{"id":42,"href":"https:\/\/ramonageviola.fr\/index.php\/wp-json\/wp\/v2\/pages\/7\/revisions\/42"}],"wp:attachment":[{"href":"https:\/\/ramonageviola.fr\/index.php\/wp-json\/wp\/v2\/media?parent=7"}],"curies":[{"name":"wp","href":"https:\/\/api.w.org\/{rel}","templated":true}]}}